{"id":320,"date":"2025-06-07T07:16:19","date_gmt":"2025-06-07T07:16:19","guid":{"rendered":"https:\/\/irsdemo.buechergiraffe.ch\/?page_id=320"},"modified":"2026-02-09T07:32:50","modified_gmt":"2026-02-09T07:32:50","slug":"dienstleistung","status":"publish","type":"page","link":"https:\/\/irsdemo.buechergiraffe.ch\/ar\/dienstleistung\/","title":{"rendered":"Dienstleistung"},"content":{"rendered":"<h2 class=\"wp-block-heading\">Dienstleistung<\/h2>\n\n\n\n<figure class=\"wp-block-image size-large\"><img loading=\"lazy\" decoding=\"async\" width=\"1024\" height=\"683\" src=\"https:\/\/irsdemo.buechergiraffe.ch\/wp-content\/uploads\/2026\/02\/ChatGPT-Image-8.-Feb.-2026-13_56_53-1024x683.png\" alt=\"\" class=\"wp-image-459\" srcset=\"https:\/\/irsdemo.buechergiraffe.ch\/wp-content\/uploads\/2026\/02\/ChatGPT-Image-8.-Feb.-2026-13_56_53-1024x683.png 1024w, https:\/\/irsdemo.buechergiraffe.ch\/wp-content\/uploads\/2026\/02\/ChatGPT-Image-8.-Feb.-2026-13_56_53-300x200.png 300w, https:\/\/irsdemo.buechergiraffe.ch\/wp-content\/uploads\/2026\/02\/ChatGPT-Image-8.-Feb.-2026-13_56_53-768x512.png 768w, https:\/\/irsdemo.buechergiraffe.ch\/wp-content\/uploads\/2026\/02\/ChatGPT-Image-8.-Feb.-2026-13_56_53-18x12.png 18w, https:\/\/irsdemo.buechergiraffe.ch\/wp-content\/uploads\/2026\/02\/ChatGPT-Image-8.-Feb.-2026-13_56_53.png 1536w\" sizes=\"auto, (max-width: 1024px) 100vw, 1024px\" \/><\/figure>\n\n\n\n<p>M\u00f6chten Sie eine umfassende notfallmedizinische Absicherung gew\u00e4hrleisten? Wir helfen Ihnen dabei, Ihr geplantes Konzept mit Unterst\u00fctzung unseres umfangreichen Netzwerks und Partnern in die Tat umzusetzen.<\/p>\n\n\n\n<p>Unser internationales Expertenteam steht Ihnen jederzeit zur Verf\u00fcgung, um Sie bei der Planung und dem Aufbau Ihrer notfallmedizinischen Infrastruktur zu unterst\u00fctzen.<\/p>\n\n\n\n<figure class=\"wp-block-image size-large\"><img loading=\"lazy\" decoding=\"async\" width=\"1024\" height=\"683\" src=\"https:\/\/irsdemo.buechergiraffe.ch\/wp-content\/uploads\/2026\/02\/ChatGPT-Image-9.-Feb.-2026-08_31_06-1024x683.png\" alt=\"\" class=\"wp-image-461\" srcset=\"https:\/\/irsdemo.buechergiraffe.ch\/wp-content\/uploads\/2026\/02\/ChatGPT-Image-9.-Feb.-2026-08_31_06-1024x683.png 1024w, https:\/\/irsdemo.buechergiraffe.ch\/wp-content\/uploads\/2026\/02\/ChatGPT-Image-9.-Feb.-2026-08_31_06-300x200.png 300w, https:\/\/irsdemo.buechergiraffe.ch\/wp-content\/uploads\/2026\/02\/ChatGPT-Image-9.-Feb.-2026-08_31_06-768x512.png 768w, https:\/\/irsdemo.buechergiraffe.ch\/wp-content\/uploads\/2026\/02\/ChatGPT-Image-9.-Feb.-2026-08_31_06-18x12.png 18w, https:\/\/irsdemo.buechergiraffe.ch\/wp-content\/uploads\/2026\/02\/ChatGPT-Image-9.-Feb.-2026-08_31_06.png 1536w\" sizes=\"auto, (max-width: 1024px) 100vw, 1024px\" \/><\/figure>\n\n\n\n<p>Jedes Projekt durchl\u00e4uft mehrere Phasen, wir begleiten Sie von der ersten Idee bis zur finalen Umsetzung Ihres Medical Safety Systems. Vertrauen Sie auf unsere Expertise f\u00fcr eine sichere und effektive Notfallversorgung.<\/p>\n\n\n\n<p><\/p>\n\n\n\n<p><\/p>\n\n\n\n<p><\/p>\n\n\n\n<p><\/p>\n\n\n\n<p><\/p>\n\n\n\n<p><\/p>\n\n\n\n<p><\/p>","protected":false},"excerpt":{"rendered":"<p>Dienstleistung M\u00f6chten Sie eine umfassende notfallmedizinische Absicherung gew\u00e4hrleisten? Wir helfen Ihnen dabei, Ihr geplantes Konzept mit Unterst\u00fctzung unseres umfangreichen Netzwerks und Partnern in die Tat umzusetzen. Unser internationales Expertenteam steht Ihnen jederzeit zur Verf\u00fcgung, um Sie bei der Planung und dem Aufbau Ihrer notfallmedizinischen Infrastruktur zu unterst\u00fctzen. Jedes Projekt durchl\u00e4uft mehrere Phasen, wir begleiten Sie [&hellip;]<\/p>\n","protected":false},"author":1,"featured_media":0,"parent":0,"menu_order":0,"comment_status":"closed","ping_status":"closed","template":"","meta":{"footnotes":""},"class_list":["post-320","page","type-page","status-publish","hentry"],"_links":{"self":[{"href":"https:\/\/irsdemo.buechergiraffe.ch\/ar\/wp-json\/wp\/v2\/pages\/320","targetHints":{"allow":["GET"]}}],"collection":[{"href":"https:\/\/irsdemo.buechergiraffe.ch\/ar\/wp-json\/wp\/v2\/pages"}],"about":[{"href":"https:\/\/irsdemo.buechergiraffe.ch\/ar\/wp-json\/wp\/v2\/types\/page"}],"author":[{"embeddable":true,"href":"https:\/\/irsdemo.buechergiraffe.ch\/ar\/wp-json\/wp\/v2\/users\/1"}],"replies":[{"embeddable":true,"href":"https:\/\/irsdemo.buechergiraffe.ch\/ar\/wp-json\/wp\/v2\/comments?post=320"}],"version-history":[{"count":13,"href":"https:\/\/irsdemo.buechergiraffe.ch\/ar\/wp-json\/wp\/v2\/pages\/320\/revisions"}],"predecessor-version":[{"id":463,"href":"https:\/\/irsdemo.buechergiraffe.ch\/ar\/wp-json\/wp\/v2\/pages\/320\/revisions\/463"}],"wp:attachment":[{"href":"https:\/\/irsdemo.buechergiraffe.ch\/ar\/wp-json\/wp\/v2\/media?parent=320"}],"curies":[{"name":"wp","href":"https:\/\/api.w.org\/{rel}","templated":true}]}}