{"id":99,"date":"2025-02-09T17:04:30","date_gmt":"2025-02-09T17:04:30","guid":{"rendered":"https:\/\/irsdemo.tomra-maurer.ch\/?page_id=99"},"modified":"2026-03-09T11:32:19","modified_gmt":"2026-03-09T11:32:19","slug":"schulung","status":"publish","type":"page","link":"https:\/\/irsdemo.buechergiraffe.ch\/ar\/schulung\/","title":{"rendered":"Schulung"},"content":{"rendered":"<div class=\"wp-block-group alignfull has-background-background-color has-background has-global-padding is-layout-constrained wp-container-core-group-is-layout-a21420ce wp-block-group-is-layout-constrained\" style=\"margin-top:0;margin-bottom:0;padding-top:0;padding-right:var(--wp--preset--spacing--30);padding-bottom:var(--wp--preset--spacing--30);padding-left:var(--wp--preset--spacing--30)\">\n<div class=\"wp-block-group alignwide has-global-padding is-content-justification-center is-layout-constrained wp-block-group-is-layout-constrained\" style=\"padding-top:0;padding-bottom:0\">\n<h1 class=\"wp-block-heading has-text-align-center has-secondary-color has-text-color has-link-color wp-elements-cc4e0b357eb7fb53ca25fdfb0eda0f46\">IRS Akademie<\/h1>\n\n\n\n<p class=\"has-text-align-center\" style=\"margin-top:16px\">Unser Team von Transportsanit\u00e4ter, Rettungssanit\u00e4ter und Notfallmedizinern bietet Ihnen die perfekt auf Ihre Bed\u00fcrfnisse zugeschnittene Ausbildung.<\/p>\n\n\n\n<p class=\"has-text-align-center\">In abwechslungsreichen Kursen haben wir den Praxisbezug Ihrer Mitarbeiter und Kollegen im Focus. Konkret gehen wir auf rasches sicheres Erkennen und situationsgerechtes Handeln in Notfallsituationen oder bei Reanimationen ein.<\/p>\n\n\n\n<p class=\"has-text-align-center\"><em><strong>Individual Reflected Solutions<\/strong><\/em><\/p>\n<\/div>\n\n\n\n<div class=\"wp-block-columns alignwide is-layout-flex wp-container-core-columns-is-layout-28f84493 wp-block-columns-is-layout-flex\">\n<div class=\"wp-block-column is-layout-flow wp-container-core-column-is-layout-8a368f38 wp-block-column-is-layout-flow\">\n<figure class=\"wp-block-image size-large has-custom-border extendify-image-import\"><img loading=\"lazy\" decoding=\"async\" width=\"683\" height=\"1024\" src=\"https:\/\/irsdemo.buechergiraffe.ch\/wp-content\/uploads\/2026\/03\/be0690e3-611d-4557-8031-0c2b8a2fe920-683x1024.png\" alt=\"\" class=\"wp-image-569\" style=\"border-top-left-radius:0.5rem;border-top-right-radius:0.5rem;border-bottom-left-radius:0rem;border-bottom-right-radius:0rem;aspect-ratio:1;object-fit:cover\" srcset=\"https:\/\/irsdemo.buechergiraffe.ch\/wp-content\/uploads\/2026\/03\/be0690e3-611d-4557-8031-0c2b8a2fe920-683x1024.png 683w, https:\/\/irsdemo.buechergiraffe.ch\/wp-content\/uploads\/2026\/03\/be0690e3-611d-4557-8031-0c2b8a2fe920-200x300.png 200w, https:\/\/irsdemo.buechergiraffe.ch\/wp-content\/uploads\/2026\/03\/be0690e3-611d-4557-8031-0c2b8a2fe920-768x1152.png 768w, https:\/\/irsdemo.buechergiraffe.ch\/wp-content\/uploads\/2026\/03\/be0690e3-611d-4557-8031-0c2b8a2fe920-8x12.png 8w, https:\/\/irsdemo.buechergiraffe.ch\/wp-content\/uploads\/2026\/03\/be0690e3-611d-4557-8031-0c2b8a2fe920.png 1024w\" sizes=\"auto, (max-width: 683px) 100vw, 683px\" \/><\/figure>\n\n\n\n<div class=\"wp-block-group has-primary-background-color has-background has-global-padding is-layout-constrained wp-container-core-group-is-layout-23b1a4dc wp-block-group-is-layout-constrained\" style=\"border-top-left-radius:0rem;border-top-right-radius:0rem;border-bottom-left-radius:0.5rem;border-bottom-right-radius:0.5rem;padding-top:var(--wp--preset--spacing--30);padding-right:var(--wp--preset--spacing--30);padding-bottom:var(--wp--preset--spacing--30);padding-left:var(--wp--preset--spacing--30)\">\n<div class=\"wp-block-group is-vertical is-content-justification-left is-nowrap is-layout-flex wp-container-core-group-is-layout-c0c59743 wp-block-group-is-layout-flex\">\n<h3 class=\"wp-block-heading has-secondary-color has-text-color has-link-color wp-elements-2db9d3f75b38050a41b97c2d0e307dc3\" style=\"font-size:clamp(14px, 0.875rem + ((1vw - 3.2px) * 0.625), 20px);line-height:1.5\"><a href=\"https:\/\/irsdemo.buechergiraffe.ch\/ar\/basic\/\" data-type=\"page\" data-id=\"506\">Basic<\/a><\/h3>\n\n\n\n<p class=\"has-small-font-size\" style=\"margin-top:16px\">Leben retten leicht gemacht! Egal ob einfache Erste Hilfe Herz-Lungen Wiederbelebung (BLS -AED) bei Erwachsenen oder auch bei Kindern. <\/p>\n<\/div>\n\n\n\n<p class=\"has-small-font-size\" style=\"margin-top:16px\">Lernen Sie sicher und effizient zu handeln. Wissen f\u00fcr alle.<\/p>\n<\/div>\n<\/div>\n\n\n\n<div class=\"wp-block-column is-layout-flow wp-container-core-column-is-layout-8a368f38 wp-block-column-is-layout-flow\">\n<figure class=\"wp-block-image size-large has-custom-border extendify-image-import\"><img loading=\"lazy\" decoding=\"async\" width=\"683\" height=\"1024\" src=\"https:\/\/irsdemo.buechergiraffe.ch\/wp-content\/uploads\/2026\/03\/28683799-598a-48ab-aa54-c3adc8183473-683x1024.png\" alt=\"\" class=\"wp-image-571\" style=\"border-top-left-radius:0.5rem;border-top-right-radius:0.5rem;border-bottom-left-radius:0rem;border-bottom-right-radius:0rem;aspect-ratio:1;object-fit:cover\" srcset=\"https:\/\/irsdemo.buechergiraffe.ch\/wp-content\/uploads\/2026\/03\/28683799-598a-48ab-aa54-c3adc8183473-683x1024.png 683w, https:\/\/irsdemo.buechergiraffe.ch\/wp-content\/uploads\/2026\/03\/28683799-598a-48ab-aa54-c3adc8183473-200x300.png 200w, https:\/\/irsdemo.buechergiraffe.ch\/wp-content\/uploads\/2026\/03\/28683799-598a-48ab-aa54-c3adc8183473-768x1152.png 768w, https:\/\/irsdemo.buechergiraffe.ch\/wp-content\/uploads\/2026\/03\/28683799-598a-48ab-aa54-c3adc8183473-8x12.png 8w, https:\/\/irsdemo.buechergiraffe.ch\/wp-content\/uploads\/2026\/03\/28683799-598a-48ab-aa54-c3adc8183473.png 1024w\" sizes=\"auto, (max-width: 683px) 100vw, 683px\" \/><\/figure>\n\n\n\n<div class=\"wp-block-group has-primary-background-color has-background has-global-padding is-layout-constrained wp-container-core-group-is-layout-23b1a4dc wp-block-group-is-layout-constrained\" style=\"border-top-left-radius:0rem;border-top-right-radius:0rem;border-bottom-left-radius:0.5rem;border-bottom-right-radius:0.5rem;padding-top:var(--wp--preset--spacing--30);padding-right:var(--wp--preset--spacing--30);padding-bottom:var(--wp--preset--spacing--30);padding-left:var(--wp--preset--spacing--30)\">\n<div class=\"wp-block-group is-vertical is-content-justification-left is-nowrap is-layout-flex wp-container-core-group-is-layout-c0c59743 wp-block-group-is-layout-flex\">\n<h3 class=\"wp-block-heading has-secondary-color has-text-color has-link-color wp-elements-91797dc27e43b875ee6c8d4ade2cc42c\" style=\"font-size:clamp(14px, 0.875rem + ((1vw - 3.2px) * 0.625), 20px);line-height:1.5\"><a href=\"https:\/\/irsdemo.buechergiraffe.ch\/ar\/plus\/\" data-type=\"page\" data-id=\"514\">Plus<\/a><\/h3>\n<\/div>\n\n\n\n<p class=\"has-small-font-size\" style=\"margin-top:16px\">Aufbauend auf unser Basic Modul bieten wir im Plus Modul weiterf\u00fchrendes spezifisches Wissen zur Ersten Hilfe und Equipment an. Ob als First Responder, in der Betriebssanit\u00e4t, im Fahrdienst oder im Sport, wir bilden Sie weiter und erstellen Ihnen mit unseren Modulen Ihre optimale L\u00f6sung.<\/p>\n<\/div>\n<\/div>\n<\/div>\n\n\n\n<div class=\"wp-block-columns alignwide is-layout-flex wp-container-core-columns-is-layout-28f84493 wp-block-columns-is-layout-flex\">\n<div class=\"wp-block-column is-layout-flow wp-container-core-column-is-layout-8a368f38 wp-block-column-is-layout-flow\">\n<figure class=\"wp-block-image size-full has-custom-border extendify-image-import\"><img loading=\"lazy\" decoding=\"async\" width=\"1024\" height=\"1024\" src=\"https:\/\/irsdemo.buechergiraffe.ch\/wp-content\/uploads\/2026\/03\/15cf638a-4887-4dad-8e9b-4c105f94df5e.png\" alt=\"\" class=\"wp-image-570\" style=\"border-top-left-radius:0.5rem;border-top-right-radius:0.5rem;border-bottom-left-radius:0rem;border-bottom-right-radius:0rem;aspect-ratio:1;object-fit:cover\" srcset=\"https:\/\/irsdemo.buechergiraffe.ch\/wp-content\/uploads\/2026\/03\/15cf638a-4887-4dad-8e9b-4c105f94df5e.png 1024w, https:\/\/irsdemo.buechergiraffe.ch\/wp-content\/uploads\/2026\/03\/15cf638a-4887-4dad-8e9b-4c105f94df5e-300x300.png 300w, https:\/\/irsdemo.buechergiraffe.ch\/wp-content\/uploads\/2026\/03\/15cf638a-4887-4dad-8e9b-4c105f94df5e-150x150.png 150w, https:\/\/irsdemo.buechergiraffe.ch\/wp-content\/uploads\/2026\/03\/15cf638a-4887-4dad-8e9b-4c105f94df5e-768x768.png 768w, https:\/\/irsdemo.buechergiraffe.ch\/wp-content\/uploads\/2026\/03\/15cf638a-4887-4dad-8e9b-4c105f94df5e-12x12.png 12w\" sizes=\"auto, (max-width: 1024px) 100vw, 1024px\" \/><\/figure>\n\n\n\n<div class=\"wp-block-group has-primary-background-color has-background has-global-padding is-layout-constrained wp-container-core-group-is-layout-23b1a4dc wp-block-group-is-layout-constrained\" style=\"border-top-left-radius:0rem;border-top-right-radius:0rem;border-bottom-left-radius:0.5rem;border-bottom-right-radius:0.5rem;padding-top:var(--wp--preset--spacing--30);padding-right:var(--wp--preset--spacing--30);padding-bottom:var(--wp--preset--spacing--30);padding-left:var(--wp--preset--spacing--30)\">\n<div class=\"wp-block-group is-vertical is-content-justification-left is-nowrap is-layout-flex wp-container-core-group-is-layout-c0c59743 wp-block-group-is-layout-flex\">\n<h3 class=\"wp-block-heading has-secondary-color has-text-color has-link-color wp-elements-925a5f5884596084e0df2434aa418c73\" style=\"font-size:clamp(14px, 0.875rem + ((1vw - 3.2px) * 0.625), 20px);line-height:1.5\"><strong><a href=\"https:\/\/irsdemo.buechergiraffe.ch\/ar\/pro\/\" data-type=\"page\" data-id=\"520\">Pro<\/a><\/strong><\/h3>\n\n\n\n<p class=\"has-small-font-size\" style=\"text-transform:uppercase\"><\/p>\n<\/div>\n\n\n\n<p class=\"has-small-font-size\" style=\"margin-top:16px\">Diese Weiterbildungs- und Kursangebote richtet sich an Profis mit medizinischem Hintergrund verschiedener Berufsgruppen. Hierzu geh\u00f6ren Paramedics, Pflegefachkr\u00e0fte und \u00c4rzte. <\/p>\n\n\n\n<p class=\"has-small-font-size\" style=\"margin-top:16px\">Durchst\u00f6bern Sie unser Kursangebot.<\/p>\n<\/div>\n<\/div>\n\n\n\n<div class=\"wp-block-column is-layout-flow wp-container-core-column-is-layout-8a368f38 wp-block-column-is-layout-flow\">\n<figure class=\"wp-block-image size-full has-custom-border extendify-image-import\"><img loading=\"lazy\" decoding=\"async\" width=\"1024\" height=\"1024\" src=\"https:\/\/irsdemo.buechergiraffe.ch\/wp-content\/uploads\/2026\/03\/7d294029-8bef-4ebb-921c-37cf9564df16.png\" alt=\"\" class=\"wp-image-574\" style=\"border-top-left-radius:0.5rem;border-top-right-radius:0.5rem;border-bottom-left-radius:0rem;border-bottom-right-radius:0rem;aspect-ratio:1;object-fit:cover\" srcset=\"https:\/\/irsdemo.buechergiraffe.ch\/wp-content\/uploads\/2026\/03\/7d294029-8bef-4ebb-921c-37cf9564df16.png 1024w, https:\/\/irsdemo.buechergiraffe.ch\/wp-content\/uploads\/2026\/03\/7d294029-8bef-4ebb-921c-37cf9564df16-300x300.png 300w, https:\/\/irsdemo.buechergiraffe.ch\/wp-content\/uploads\/2026\/03\/7d294029-8bef-4ebb-921c-37cf9564df16-150x150.png 150w, https:\/\/irsdemo.buechergiraffe.ch\/wp-content\/uploads\/2026\/03\/7d294029-8bef-4ebb-921c-37cf9564df16-768x768.png 768w, https:\/\/irsdemo.buechergiraffe.ch\/wp-content\/uploads\/2026\/03\/7d294029-8bef-4ebb-921c-37cf9564df16-12x12.png 12w\" sizes=\"auto, (max-width: 1024px) 100vw, 1024px\" \/><\/figure>\n\n\n\n<div class=\"wp-block-group has-primary-background-color has-background has-global-padding is-layout-constrained wp-container-core-group-is-layout-23b1a4dc wp-block-group-is-layout-constrained\" style=\"border-top-left-radius:0rem;border-top-right-radius:0rem;border-bottom-left-radius:0.5rem;border-bottom-right-radius:0.5rem;padding-top:var(--wp--preset--spacing--30);padding-right:var(--wp--preset--spacing--30);padding-bottom:var(--wp--preset--spacing--30);padding-left:var(--wp--preset--spacing--30)\">\n<div class=\"wp-block-group is-vertical is-content-justification-left is-nowrap is-layout-flex wp-container-core-group-is-layout-c0c59743 wp-block-group-is-layout-flex\">\n<h3 class=\"wp-block-heading has-secondary-color has-text-color has-link-color wp-elements-5ba4441577027573b8b3dbb48902bbfa\" style=\"font-size:clamp(14px, 0.875rem + ((1vw - 3.2px) * 0.625), 20px);line-height:1.5\"><a href=\"https:\/\/irsdemo.buechergiraffe.ch\/ar\/spezial-kurse\/\" data-type=\"page\" data-id=\"528\">Spezial Kurse<\/a><\/h3>\n\n\n\n<p><\/p>\n<\/div>\n\n\n\n<p class=\"has-small-font-size\" style=\"margin-top:16px\">Unsere spezialisierten Trainings richten sich an Einsatzkr\u00e4fte und Fachpersonen aus Rettungsdienst, Sicherheit sowie Luft-, Wasser- und Alpiner Rettung. Praxisnahe Szenarien, modernes Equipment und erfahrene Instruktoren vermitteln erweitertes Wissen f\u00fcr anspruchsvolle Einsatzlagen und professionelle Notfallbew\u00e4ltigung.<\/p>\n<\/div>\n<\/div>\n<\/div>\n\n\n<form role=\"search\" method=\"get\" action=\"https:\/\/irsdemo.buechergiraffe.ch\/ar\/\" class=\"wp-block-search__button-outside wp-block-search__text-button wp-block-search\" data-trp-original-action=\"https:\/\/irsdemo.buechergiraffe.ch\/ar\/\"    ><label class=\"wp-block-search__label\" for=\"wp-block-search__input-1\" >Suchen<\/label><div class=\"wp-block-search__inside-wrapper\" ><input class=\"wp-block-search__input\" id=\"wp-block-search__input-1\" placeholder=\"\" value=\"\" type=\"search\" name=\"s\" required \/><button aria-label=\"Suchen\" class=\"wp-block-search__button wp-element-button\" type=\"submit\" >Suchen<\/button><\/div><input type=\"hidden\" name=\"trp-form-language\" value=\"ar\"\/><\/form>\n\n\n<div class=\"wp-block-group has-global-padding is-layout-constrained wp-block-group-is-layout-constrained\" style=\"border-top-color:var(--wp--preset--color--secondary);border-top-width:2px;border-right-style:none;border-right-width:0px;border-bottom-style:none;border-bottom-width:0px;border-left-style:none;border-left-width:0px;padding-top:var(--wp--preset--spacing--50)\">\n<p class=\"has-text-align-center\">Kein passendes Angebot gefunden?  <br>Kontaktieren Sie uns und wir finden eine L\u00f6sung.<\/p>\n\n\n\n<div class=\"wp-block-buttons is-content-justification-center is-layout-flex wp-container-core-buttons-is-layout-96afdbb1 wp-block-buttons-is-layout-flex\" style=\"margin-top:2rem;margin-bottom:2rem\">\n<div class=\"wp-block-button is-style-fill\"><a class=\"wp-block-button__link has-secondary-color has-text-color has-link-color has-text-align-center wp-element-button\">Kontakt aufnehmen<\/a><\/div>\n<\/div>\n<\/div>\n<\/div>","protected":false},"excerpt":{"rendered":"<p>IRS Akademie Unser Team von Transportsanit\u00e4ter, Rettungssanit\u00e4ter und Notfallmedizinern bietet Ihnen die perfekt auf Ihre Bed\u00fcrfnisse zugeschnittene Ausbildung. In abwechslungsreichen Kursen haben wir den Praxisbezug Ihrer Mitarbeiter und Kollegen im Focus. Konkret gehen wir auf rasches sicheres Erkennen und situationsgerechtes Handeln in Notfallsituationen oder bei Reanimationen ein. Individual Reflected Solutions Basic Leben retten leicht gemacht! [&hellip;]<\/p>\n","protected":false},"author":1,"featured_media":0,"parent":0,"menu_order":0,"comment_status":"closed","ping_status":"closed","template":"","meta":{"footnotes":""},"class_list":["post-99","page","type-page","status-publish","hentry"],"_links":{"self":[{"href":"https:\/\/irsdemo.buechergiraffe.ch\/ar\/wp-json\/wp\/v2\/pages\/99","targetHints":{"allow":["GET"]}}],"collection":[{"href":"https:\/\/irsdemo.buechergiraffe.ch\/ar\/wp-json\/wp\/v2\/pages"}],"about":[{"href":"https:\/\/irsdemo.buechergiraffe.ch\/ar\/wp-json\/wp\/v2\/types\/page"}],"author":[{"embeddable":true,"href":"https:\/\/irsdemo.buechergiraffe.ch\/ar\/wp-json\/wp\/v2\/users\/1"}],"replies":[{"embeddable":true,"href":"https:\/\/irsdemo.buechergiraffe.ch\/ar\/wp-json\/wp\/v2\/comments?post=99"}],"version-history":[{"count":50,"href":"https:\/\/irsdemo.buechergiraffe.ch\/ar\/wp-json\/wp\/v2\/pages\/99\/revisions"}],"predecessor-version":[{"id":577,"href":"https:\/\/irsdemo.buechergiraffe.ch\/ar\/wp-json\/wp\/v2\/pages\/99\/revisions\/577"}],"wp:attachment":[{"href":"https:\/\/irsdemo.buechergiraffe.ch\/ar\/wp-json\/wp\/v2\/media?parent=99"}],"curies":[{"name":"wp","href":"https:\/\/api.w.org\/{rel}","templated":true}]}}