{"id":318,"date":"2025-06-07T07:15:00","date_gmt":"2025-06-07T07:15:00","guid":{"rendered":"https:\/\/irsdemo.buechergiraffe.ch\/?page_id=318"},"modified":"2026-04-17T06:54:35","modified_gmt":"2026-04-17T06:54:35","slug":"ueber-uns","status":"publish","type":"page","link":"https:\/\/irsdemo.buechergiraffe.ch\/en\/ueber-uns\/","title":{"rendered":"\u00dcber uns"},"content":{"rendered":"<p><\/p>\n\n\n\n<h2 class=\"wp-block-heading alignwide has-text-align-center\">Wir vom International Rescue Service<\/h2>\n\n\n\n<figure class=\"wp-block-gallery has-nested-images columns-default is-cropped wp-block-gallery-1 is-layout-flex wp-block-gallery-is-layout-flex\">\n<figure class=\"wp-block-image size-full\"><img loading=\"lazy\" decoding=\"async\" width=\"1536\" height=\"1024\" data-id=\"556\" src=\"https:\/\/irsdemo.buechergiraffe.ch\/wp-content\/uploads\/2026\/03\/3fa3b2a0-4db5-41fc-bbaa-84f611ddf4f6.png\" alt=\"\" class=\"wp-image-556\" srcset=\"https:\/\/irsdemo.buechergiraffe.ch\/wp-content\/uploads\/2026\/03\/3fa3b2a0-4db5-41fc-bbaa-84f611ddf4f6.png 1536w, https:\/\/irsdemo.buechergiraffe.ch\/wp-content\/uploads\/2026\/03\/3fa3b2a0-4db5-41fc-bbaa-84f611ddf4f6-300x200.png 300w, https:\/\/irsdemo.buechergiraffe.ch\/wp-content\/uploads\/2026\/03\/3fa3b2a0-4db5-41fc-bbaa-84f611ddf4f6-1024x683.png 1024w, https:\/\/irsdemo.buechergiraffe.ch\/wp-content\/uploads\/2026\/03\/3fa3b2a0-4db5-41fc-bbaa-84f611ddf4f6-768x512.png 768w, https:\/\/irsdemo.buechergiraffe.ch\/wp-content\/uploads\/2026\/03\/3fa3b2a0-4db5-41fc-bbaa-84f611ddf4f6-18x12.png 18w\" sizes=\"auto, (max-width: 1536px) 100vw, 1536px\" \/><\/figure>\n<\/figure>\n\n\n\n<p>Unser Team<\/p>\n\n\n\n<p>Das IRS-Team gr\u00fcndete sich durch das schon vorhandene Netzwerk von verschiedensten <strong>Experten<\/strong> (\u00c4rzte, Paramedics, Pflegefachpersonen mit Spezialdisziplinen, Feuerwehr und Sicherheitsexperten), die sich weltweit der Notfallmedizin und Absicherung verschrieben haben. IRS hat den Anspruch, Know-How und internationale Standards der weltweit grossen Dachverb\u00e4nde f\u00fcr Notfallmedizin zu vermitteln und synergetisch in den angebotenen Kursen und Projekten umzusetzen. Dies ist notwendig, um die Ausbildung auf h\u00f6chstem Niveau zu halten und weltweit angepasst anwenden zu k\u00f6nnen.&nbsp;<\/p>\n\n\n\n<p><\/p>\n\n\n\n<figure class=\"wp-block-image size-large\"><img loading=\"lazy\" decoding=\"async\" width=\"1024\" height=\"683\" src=\"https:\/\/irsdemo.buechergiraffe.ch\/wp-content\/uploads\/2026\/04\/IRS-Ausbildung-Fortschritt-Respekt-1024x683.png\" alt=\"\" class=\"wp-image-649\" srcset=\"https:\/\/irsdemo.buechergiraffe.ch\/wp-content\/uploads\/2026\/04\/IRS-Ausbildung-Fortschritt-Respekt-1024x683.png 1024w, https:\/\/irsdemo.buechergiraffe.ch\/wp-content\/uploads\/2026\/04\/IRS-Ausbildung-Fortschritt-Respekt-300x200.png 300w, https:\/\/irsdemo.buechergiraffe.ch\/wp-content\/uploads\/2026\/04\/IRS-Ausbildung-Fortschritt-Respekt-768x512.png 768w, https:\/\/irsdemo.buechergiraffe.ch\/wp-content\/uploads\/2026\/04\/IRS-Ausbildung-Fortschritt-Respekt-18x12.png 18w, https:\/\/irsdemo.buechergiraffe.ch\/wp-content\/uploads\/2026\/04\/IRS-Ausbildung-Fortschritt-Respekt.png 1536w\" sizes=\"auto, (max-width: 1024px) 100vw, 1024px\" \/><\/figure>\n\n\n\n<p>Was bieten Ihnen Bildung &#8211; Aufbau &#8211; Qualit\u00e4t&nbsp;<\/p>\n\n\n\n<p>Mit unserem&nbsp;Konzept, alles aus einer organisierenden&nbsp;Hand bieten zu k\u00f6nnen, sowie dem zeitgleich stattfindenden Sprach- und Kulturtransfer, kann das IRS Netzwerk auf Anfragen flexibel und der Situation angepasst reagieren. Im Mittelpunkt des Handelns steht immer der Mensch und das Streben nach Verbesserung durch Bildung und Entwicklung, Know-How und (notfall-)medizinischer Versorgung <\/p>\n\n\n\n<p class=\"has-text-align-center\"><strong><em>Individual Reflected Solutions<\/em><\/strong><\/p>\n\n\n\n<figure class=\"wp-block-image size-large\"><img loading=\"lazy\" decoding=\"async\" width=\"683\" height=\"1024\" src=\"https:\/\/irsdemo.buechergiraffe.ch\/wp-content\/uploads\/2026\/03\/2ec30ba5-baec-4c4d-8576-322fc630f2d4-683x1024.png\" alt=\"\" class=\"wp-image-557\" srcset=\"https:\/\/irsdemo.buechergiraffe.ch\/wp-content\/uploads\/2026\/03\/2ec30ba5-baec-4c4d-8576-322fc630f2d4-683x1024.png 683w, https:\/\/irsdemo.buechergiraffe.ch\/wp-content\/uploads\/2026\/03\/2ec30ba5-baec-4c4d-8576-322fc630f2d4-200x300.png 200w, https:\/\/irsdemo.buechergiraffe.ch\/wp-content\/uploads\/2026\/03\/2ec30ba5-baec-4c4d-8576-322fc630f2d4-768x1152.png 768w, https:\/\/irsdemo.buechergiraffe.ch\/wp-content\/uploads\/2026\/03\/2ec30ba5-baec-4c4d-8576-322fc630f2d4-8x12.png 8w, https:\/\/irsdemo.buechergiraffe.ch\/wp-content\/uploads\/2026\/03\/2ec30ba5-baec-4c4d-8576-322fc630f2d4.png 1024w\" sizes=\"auto, (max-width: 683px) 100vw, 683px\" \/><\/figure>\n\n\n\n<p><\/p>\n\n\n\n<p>Bedeutung des Firmenlogos<\/p>\n\n\n\n<figure class=\"wp-block-image size-full is-resized\"><img loading=\"lazy\" decoding=\"async\" width=\"206\" height=\"207\" src=\"https:\/\/irsdemo.buechergiraffe.ch\/wp-content\/uploads\/2025\/02\/IRS_01.jpg\" alt=\"\" class=\"wp-image-124\" style=\"width:293px;height:auto\" srcset=\"https:\/\/irsdemo.buechergiraffe.ch\/wp-content\/uploads\/2025\/02\/IRS_01.jpg 206w, https:\/\/irsdemo.buechergiraffe.ch\/wp-content\/uploads\/2025\/02\/IRS_01-150x150.jpg 150w, https:\/\/irsdemo.buechergiraffe.ch\/wp-content\/uploads\/2025\/02\/IRS_01-12x12.jpg 12w\" sizes=\"auto, (max-width: 206px) 100vw, 206px\" \/><\/figure>\n\n\n\n<p>Im Gegensatz zum \u00c4skulapstab, der nur von einer Schlange umwunden wird, ist der Hermesstab von&nbsp;zwei, sich oben zuwendenden Schlangen umschlungen. Das Symbol zeigt den Energiefluss von den&nbsp;linken und rechten Keimdr\u00fcsen des Menschen, der sich im Menschen hoch&nbsp;transformiert bis hin in die linke und rechte Gehirnh\u00e4lfte hinauf. Nat\u00fcrlich der Stab, das R\u00fcckgrat symbolisierend, die Erde das Wurzelchakra unten und oben die Verbindung \u00fcber das Scheitelchakra&nbsp;mit dem Himmel.<\/p>\n\n\n\n<p>Vergleicht man nun das Symbol des \u00c4skulapstabes, welches in Europa viele \u00c4rzte und vor allem&nbsp;Apotheken benutzen, mit dem Hermesstab, so fehlt beim \u00c4skulapstab eine Schlange und die Fl\u00fcgel&nbsp;oben. Dies hatte wohl den ganz handfesten Grund, weil der sp\u00e4ter als griechischer Gott verehrte&nbsp;\u00c4skulap nur eine Schlange&nbsp;<em>(die auch heute noch verbreitete, ungiftige \u00c4skulapnatter)&nbsp;<\/em>an einem Stab&nbsp;auf seinen Krankenbesuchen mithatte.&nbsp;<\/p>\n\n\n\n<p>Mehr Informationen unter&nbsp;diesem&nbsp;<a href=\"http:\/\/de.wikipedia.org\/wiki\/Hermesstab\" target=\"_blank\" rel=\"noreferrer noopener\">Link<\/a><br><\/p>\n\n\n\n<p>Partizipationen im IRS Netzwerk!!!!!?????<\/p>\n\n\n\n<p><\/p>\n\n\n\n<p><\/p>","protected":false},"excerpt":{"rendered":"<p>Wir vom International Rescue Service Unser Team Das IRS-Team gr\u00fcndete sich durch das schon vorhandene Netzwerk von verschiedensten Experten (\u00c4rzte, Paramedics, Pflegefachpersonen mit Spezialdisziplinen, Feuerwehr und Sicherheitsexperten), die sich weltweit der Notfallmedizin und Absicherung verschrieben haben. IRS hat den Anspruch, Know-How und internationale Standards der weltweit grossen Dachverb\u00e4nde f\u00fcr Notfallmedizin zu vermitteln und synergetisch in [&hellip;]<\/p>\n","protected":false},"author":1,"featured_media":0,"parent":0,"menu_order":0,"comment_status":"closed","ping_status":"closed","template":"","meta":{"footnotes":""},"class_list":["post-318","page","type-page","status-publish","hentry"],"_links":{"self":[{"href":"https:\/\/irsdemo.buechergiraffe.ch\/en\/wp-json\/wp\/v2\/pages\/318","targetHints":{"allow":["GET"]}}],"collection":[{"href":"https:\/\/irsdemo.buechergiraffe.ch\/en\/wp-json\/wp\/v2\/pages"}],"about":[{"href":"https:\/\/irsdemo.buechergiraffe.ch\/en\/wp-json\/wp\/v2\/types\/page"}],"author":[{"embeddable":true,"href":"https:\/\/irsdemo.buechergiraffe.ch\/en\/wp-json\/wp\/v2\/users\/1"}],"replies":[{"embeddable":true,"href":"https:\/\/irsdemo.buechergiraffe.ch\/en\/wp-json\/wp\/v2\/comments?post=318"}],"version-history":[{"count":16,"href":"https:\/\/irsdemo.buechergiraffe.ch\/en\/wp-json\/wp\/v2\/pages\/318\/revisions"}],"predecessor-version":[{"id":651,"href":"https:\/\/irsdemo.buechergiraffe.ch\/en\/wp-json\/wp\/v2\/pages\/318\/revisions\/651"}],"wp:attachment":[{"href":"https:\/\/irsdemo.buechergiraffe.ch\/en\/wp-json\/wp\/v2\/media?parent=318"}],"curies":[{"name":"wp","href":"https:\/\/api.w.org\/{rel}","templated":true}]}}