{"id":506,"date":"2026-03-04T14:21:43","date_gmt":"2026-03-04T14:21:43","guid":{"rendered":"https:\/\/irsdemo.buechergiraffe.ch\/?page_id=506"},"modified":"2026-04-16T08:07:22","modified_gmt":"2026-04-16T08:07:22","slug":"basic","status":"publish","type":"page","link":"https:\/\/irsdemo.buechergiraffe.ch\/en\/basic\/","title":{"rendered":"Basic"},"content":{"rendered":"<h1 class=\"wp-block-heading has-text-align-center has-secondary-color has-text-color has-link-color wp-elements-0c941566d36a2f8ebe6bc38d528efc02\">Basic<\/h1>\n\n\n\n<div class=\"wp-block-media-text alignwide is-stacked-on-mobile is-image-fill-element has-primary-background-color has-background\" style=\"border-top-left-radius:20px;border-top-right-radius:20px;border-bottom-left-radius:20px;border-bottom-right-radius:20px;grid-template-columns:33% auto\"><figure class=\"wp-block-media-text__media\"><img loading=\"lazy\" decoding=\"async\" width=\"683\" height=\"1024\" src=\"https:\/\/irsdemo.buechergiraffe.ch\/wp-content\/uploads\/2026\/03\/be0690e3-611d-4557-8031-0c2b8a2fe920-683x1024.png\" alt=\"\" class=\"wp-image-569 size-full\" style=\"object-position:50% 50%\" srcset=\"https:\/\/irsdemo.buechergiraffe.ch\/wp-content\/uploads\/2026\/03\/be0690e3-611d-4557-8031-0c2b8a2fe920-683x1024.png 683w, https:\/\/irsdemo.buechergiraffe.ch\/wp-content\/uploads\/2026\/03\/be0690e3-611d-4557-8031-0c2b8a2fe920-200x300.png 200w, https:\/\/irsdemo.buechergiraffe.ch\/wp-content\/uploads\/2026\/03\/be0690e3-611d-4557-8031-0c2b8a2fe920-768x1152.png 768w, https:\/\/irsdemo.buechergiraffe.ch\/wp-content\/uploads\/2026\/03\/be0690e3-611d-4557-8031-0c2b8a2fe920-8x12.png 8w, https:\/\/irsdemo.buechergiraffe.ch\/wp-content\/uploads\/2026\/03\/be0690e3-611d-4557-8031-0c2b8a2fe920.png 1024w\" sizes=\"auto, (max-width: 683px) 100vw, 683px\" \/><\/figure><div class=\"wp-block-media-text__content\">\n<div class=\"wp-block-group is-vertical is-layout-flex wp-container-core-group-is-layout-421549ea wp-block-group-is-layout-flex\" style=\"padding-top:var(--wp--preset--spacing--20);padding-bottom:var(--wp--preset--spacing--20)\">\n<h3 class=\"wp-block-heading\">IRS BLS &#8211; AED Kurs<\/h3>\n\n\n\n<p>Basic Life Support  &#8211; Automated External Defibrillator <\/p>\n\n\n\n<p>Absolvieren Sie einen Erste Hilfe Kurs mit allen wichtigen Sofortmassnahmen sowie den korrekten Einsatz des Defibrillators. Machen Sie sich Fit f\u00fcr den Notfall, der nie geplant Auftritt. Handlungssicherheit und schnelles Eingreifen kann leben retten!<br><\/p>\n\n\n\n<p>Buchen Sie die Teilnahme an einem BLS &#8211; AED kompakt oder komplett Kurs!<\/p>\n\n\n\n<div class=\"wp-block-file\"><a id=\"wp-block-file--media-a0bb4e9b-0ea2-4b7a-904e-565a30103ee1\" href=\"https:\/\/irsdemo.buechergiraffe.ch\/wp-content\/uploads\/2026\/03\/IRS-Kundeninfo-BLS.pdf\" target=\"_blank\" rel=\"noreferrer noopener\">Mehr Infos<\/a><\/div>\n<\/div>\n<\/div><\/div>\n\n\n\n<div class=\"wp-block-media-text alignwide is-stacked-on-mobile is-image-fill-element has-primary-background-color has-background\" style=\"border-top-left-radius:20px;border-top-right-radius:20px;border-bottom-left-radius:20px;border-bottom-right-radius:20px;padding-top:0;padding-bottom:0;grid-template-columns:33% auto\"><figure class=\"wp-block-media-text__media\"><img loading=\"lazy\" decoding=\"async\" width=\"1024\" height=\"683\" src=\"https:\/\/irsdemo.buechergiraffe.ch\/wp-content\/uploads\/2026\/03\/3aa37b33-9141-405f-a648-fcdb1e35a426-1024x683.png\" alt=\"\" class=\"wp-image-593 size-full\" style=\"object-position:50% 50%\" srcset=\"https:\/\/irsdemo.buechergiraffe.ch\/wp-content\/uploads\/2026\/03\/3aa37b33-9141-405f-a648-fcdb1e35a426-1024x683.png 1024w, https:\/\/irsdemo.buechergiraffe.ch\/wp-content\/uploads\/2026\/03\/3aa37b33-9141-405f-a648-fcdb1e35a426-300x200.png 300w, https:\/\/irsdemo.buechergiraffe.ch\/wp-content\/uploads\/2026\/03\/3aa37b33-9141-405f-a648-fcdb1e35a426-768x512.png 768w, https:\/\/irsdemo.buechergiraffe.ch\/wp-content\/uploads\/2026\/03\/3aa37b33-9141-405f-a648-fcdb1e35a426-18x12.png 18w, https:\/\/irsdemo.buechergiraffe.ch\/wp-content\/uploads\/2026\/03\/3aa37b33-9141-405f-a648-fcdb1e35a426.png 1536w\" sizes=\"auto, (max-width: 1024px) 100vw, 1024px\" \/><\/figure><div class=\"wp-block-media-text__content\">\n<div class=\"wp-block-group is-vertical is-layout-flex wp-container-core-group-is-layout-421549ea wp-block-group-is-layout-flex\" style=\"padding-top:var(--wp--preset--spacing--20);padding-bottom:var(--wp--preset--spacing--20)\">\n<h3 class=\"wp-block-heading\">IRS Basic Zusatzmodule<\/h3>\n\n\n\n<p>erg\u00e4nzend zum BLS &#8211; AED Kurs kompakt<\/p>\n\n\n\n<p>Zus\u00e4tzlich zu den \u00fcblichen Basiskursen bieten wir Ihnen je nach Ihrem Interesse und Bed\u00fcrfnissen fachliche Zusatzmodule an, die Sie flexibel erg\u00e4nzen k\u00f6nnen, um Ihr Ausbildungsangebot abzurunden <br><\/p>\n\n\n\n<p>Jedes Zusatzmodul ist mit Unterrichtseinheiten (1UE = 1h) damit die Dauer planbar wird.<\/p>\n\n\n\n<div class=\"wp-block-file\"><a id=\"wp-block-file--media-52a574fa-1f4e-4fc6-b29c-1564fec6b260\" href=\"https:\/\/irsdemo.buechergiraffe.ch\/wp-content\/uploads\/2026\/03\/IRS-BLS-ZM-infoD-1.pdf\" target=\"_blank\" rel=\"noreferrer noopener\">Mehr Infos<\/a><\/div>\n<\/div>\n<\/div><\/div>\n\n\n\n<p><\/p>","protected":false},"excerpt":{"rendered":"<p>Basic<\/p>","protected":false},"author":1,"featured_media":0,"parent":0,"menu_order":0,"comment_status":"closed","ping_status":"closed","template":"page-with-title","meta":{"footnotes":""},"class_list":["post-506","page","type-page","status-publish","hentry"],"_links":{"self":[{"href":"https:\/\/irsdemo.buechergiraffe.ch\/en\/wp-json\/wp\/v2\/pages\/506","targetHints":{"allow":["GET"]}}],"collection":[{"href":"https:\/\/irsdemo.buechergiraffe.ch\/en\/wp-json\/wp\/v2\/pages"}],"about":[{"href":"https:\/\/irsdemo.buechergiraffe.ch\/en\/wp-json\/wp\/v2\/types\/page"}],"author":[{"embeddable":true,"href":"https:\/\/irsdemo.buechergiraffe.ch\/en\/wp-json\/wp\/v2\/users\/1"}],"replies":[{"embeddable":true,"href":"https:\/\/irsdemo.buechergiraffe.ch\/en\/wp-json\/wp\/v2\/comments?post=506"}],"version-history":[{"count":12,"href":"https:\/\/irsdemo.buechergiraffe.ch\/en\/wp-json\/wp\/v2\/pages\/506\/revisions"}],"predecessor-version":[{"id":646,"href":"https:\/\/irsdemo.buechergiraffe.ch\/en\/wp-json\/wp\/v2\/pages\/506\/revisions\/646"}],"wp:attachment":[{"href":"https:\/\/irsdemo.buechergiraffe.ch\/en\/wp-json\/wp\/v2\/media?parent=506"}],"curies":[{"name":"wp","href":"https:\/\/api.w.org\/{rel}","templated":true}]}}