{"id":514,"date":"2026-03-04T14:33:19","date_gmt":"2026-03-04T14:33:19","guid":{"rendered":"https:\/\/irsdemo.buechergiraffe.ch\/?page_id=514"},"modified":"2026-04-15T14:11:21","modified_gmt":"2026-04-15T14:11:21","slug":"plus","status":"publish","type":"page","link":"https:\/\/irsdemo.buechergiraffe.ch\/en\/plus\/","title":{"rendered":"Plus"},"content":{"rendered":"<h1 class=\"wp-block-heading has-text-align-center has-secondary-color has-text-color has-link-color wp-elements-4e9b15a53692c821072852d4d548a1c1\">Plus<\/h1>\n\n\n\n<h4 class=\"wp-block-heading\">IVR Kurse<\/h4>\n\n\n\n<div class=\"wp-block-media-text alignwide is-stacked-on-mobile is-image-fill-element has-primary-background-color has-background\" style=\"border-top-left-radius:20px;border-top-right-radius:20px;border-bottom-left-radius:20px;border-bottom-right-radius:20px;grid-template-columns:33% auto\"><figure class=\"wp-block-media-text__media\"><img loading=\"lazy\" decoding=\"async\" width=\"1024\" height=\"683\" src=\"https:\/\/irsdemo.buechergiraffe.ch\/wp-content\/uploads\/2026\/03\/117c6846-bf22-478d-a311-c65bff7a1e6a-1024x683.png\" alt=\"\" class=\"wp-image-589 size-full\" style=\"object-position:50% 50%\" srcset=\"https:\/\/irsdemo.buechergiraffe.ch\/wp-content\/uploads\/2026\/03\/117c6846-bf22-478d-a311-c65bff7a1e6a-1024x683.png 1024w, https:\/\/irsdemo.buechergiraffe.ch\/wp-content\/uploads\/2026\/03\/117c6846-bf22-478d-a311-c65bff7a1e6a-300x200.png 300w, https:\/\/irsdemo.buechergiraffe.ch\/wp-content\/uploads\/2026\/03\/117c6846-bf22-478d-a311-c65bff7a1e6a-768x512.png 768w, https:\/\/irsdemo.buechergiraffe.ch\/wp-content\/uploads\/2026\/03\/117c6846-bf22-478d-a311-c65bff7a1e6a-18x12.png 18w, https:\/\/irsdemo.buechergiraffe.ch\/wp-content\/uploads\/2026\/03\/117c6846-bf22-478d-a311-c65bff7a1e6a.png 1536w\" sizes=\"auto, (max-width: 1024px) 100vw, 1024px\" \/><\/figure><div class=\"wp-block-media-text__content\">\n<div class=\"wp-block-group is-vertical is-layout-flex wp-container-core-group-is-layout-fe9cc265 wp-block-group-is-layout-flex\">\n<h3 class=\"wp-block-heading\">IVR 1<\/h3>\n\n\n\n<p>Grundkurs in lebensrettenden Sofortmassnahmen.<br>Reanimation und Einsatz eines AED f\u00fcr Ersthelfer im Alltag.<\/p>\n\n\n\n<p><br>Beschreibung<\/p>\n\n\n\n<div class=\"wp-block-file\"><a id=\"wp-block-file--media-ee854615-ce33-4a20-a7fd-57bfdf0d068f\" href=\"https:\/\/irsdemo.buechergiraffe.ch\/wp-content\/uploads\/2026\/03\/IRS-IVR-1-info.pdf\" target=\"_blank\" rel=\"noreferrer noopener\">Mehr Infos<\/a><\/div>\n<\/div>\n<\/div><\/div>\n\n\n\n<div class=\"wp-block-media-text alignwide is-stacked-on-mobile is-image-fill-element has-primary-background-color has-background\" style=\"border-top-left-radius:20px;border-top-right-radius:20px;border-bottom-left-radius:20px;border-bottom-right-radius:20px;grid-template-columns:33% auto\"><figure class=\"wp-block-media-text__media\"><img loading=\"lazy\" decoding=\"async\" width=\"1024\" height=\"683\" src=\"https:\/\/irsdemo.buechergiraffe.ch\/wp-content\/uploads\/2026\/03\/fa901bab-7106-4b59-b0f0-341a3df263aa-1024x683.png\" alt=\"\" class=\"wp-image-590 size-full\" style=\"object-position:50% 50%\" srcset=\"https:\/\/irsdemo.buechergiraffe.ch\/wp-content\/uploads\/2026\/03\/fa901bab-7106-4b59-b0f0-341a3df263aa-1024x683.png 1024w, https:\/\/irsdemo.buechergiraffe.ch\/wp-content\/uploads\/2026\/03\/fa901bab-7106-4b59-b0f0-341a3df263aa-300x200.png 300w, https:\/\/irsdemo.buechergiraffe.ch\/wp-content\/uploads\/2026\/03\/fa901bab-7106-4b59-b0f0-341a3df263aa-768x512.png 768w, https:\/\/irsdemo.buechergiraffe.ch\/wp-content\/uploads\/2026\/03\/fa901bab-7106-4b59-b0f0-341a3df263aa-18x12.png 18w, https:\/\/irsdemo.buechergiraffe.ch\/wp-content\/uploads\/2026\/03\/fa901bab-7106-4b59-b0f0-341a3df263aa.png 1536w\" sizes=\"auto, (max-width: 1024px) 100vw, 1024px\" \/><\/figure><div class=\"wp-block-media-text__content\">\n<div class=\"wp-block-group is-vertical is-layout-flex wp-container-core-group-is-layout-fe9cc265 wp-block-group-is-layout-flex\">\n<h3 class=\"wp-block-heading\">IVR 2<\/h3>\n\n\n\n<p>Vertiefte Erste-Hilfe-Massnahmen f\u00fcr h\u00e4ufige Notfallsituationen.<br>Praxisnahes Training f\u00fcr sicheres Handeln bis zum Rettungsdienst.<br>Beschreibung<\/p>\n\n\n\n<div class=\"wp-block-file\"><a id=\"wp-block-file--media-69e7ebf2-f8ce-4119-931d-f3df877979dc\" href=\"https:\/\/irsdemo.buechergiraffe.ch\/wp-content\/uploads\/2026\/03\/IRS-IVR-2-info.pdf\" target=\"_blank\" rel=\"noreferrer noopener\">Mehr Infos<\/a><\/div>\n<\/div>\n<\/div><\/div>\n\n\n\n<div class=\"wp-block-media-text alignwide is-stacked-on-mobile is-image-fill-element has-primary-background-color has-background\" style=\"border-top-left-radius:20px;border-top-right-radius:20px;border-bottom-left-radius:20px;border-bottom-right-radius:20px;grid-template-columns:33% auto\"><figure class=\"wp-block-media-text__media\"><img loading=\"lazy\" decoding=\"async\" width=\"655\" height=\"1024\" src=\"https:\/\/irsdemo.buechergiraffe.ch\/wp-content\/uploads\/2025\/03\/GWTB1721-1-655x1024.jpg\" alt=\"\" class=\"wp-image-257 size-full\" style=\"object-position:50% 50%\" srcset=\"https:\/\/irsdemo.buechergiraffe.ch\/wp-content\/uploads\/2025\/03\/GWTB1721-1-655x1024.jpg 655w, https:\/\/irsdemo.buechergiraffe.ch\/wp-content\/uploads\/2025\/03\/GWTB1721-1-192x300.jpg 192w, https:\/\/irsdemo.buechergiraffe.ch\/wp-content\/uploads\/2025\/03\/GWTB1721-1-768x1201.jpg 768w, https:\/\/irsdemo.buechergiraffe.ch\/wp-content\/uploads\/2025\/03\/GWTB1721-1-983x1536.jpg 983w, https:\/\/irsdemo.buechergiraffe.ch\/wp-content\/uploads\/2025\/03\/GWTB1721-1-8x12.jpg 8w, https:\/\/irsdemo.buechergiraffe.ch\/wp-content\/uploads\/2025\/03\/GWTB1721-1.jpg 1310w\" sizes=\"auto, (max-width: 655px) 100vw, 655px\" \/><\/figure><div class=\"wp-block-media-text__content\">\n<div class=\"wp-block-group is-vertical is-layout-flex wp-container-core-group-is-layout-fe9cc265 wp-block-group-is-layout-flex\">\n<h3 class=\"wp-block-heading\">IVR 3<\/h3>\n\n\n\n<p>Erweiterte Erste-Hilfe-Kompetenzen f\u00fcr First Responder.<br>Strukturierte Patientenbeurteilung und Notfallmanagement..<br>Beschreibung<\/p>\n\n\n\n<div class=\"wp-block-file\"><a id=\"wp-block-file--media-69e7ebf2-f8ce-4119-931d-f3df877979dc\" href=\"https:\/\/irsdemo.buechergiraffe.ch\/wp-content\/uploads\/2026\/03\/IRS-IVR-2-info.pdf\" target=\"_blank\" rel=\"noreferrer noopener\">Mehr Infos<\/a><\/div>\n<\/div>\n<\/div><\/div>\n\n\n\n<div class=\"wp-block-media-text alignwide is-stacked-on-mobile is-image-fill-element has-primary-background-color has-background\" style=\"border-top-left-radius:20px;border-top-right-radius:20px;border-bottom-left-radius:20px;border-bottom-right-radius:20px;grid-template-columns:33% auto\"><figure class=\"wp-block-media-text__media\"><img loading=\"lazy\" decoding=\"async\" width=\"1024\" height=\"683\" src=\"https:\/\/irsdemo.buechergiraffe.ch\/wp-content\/uploads\/2026\/03\/6c6e1844-85b0-4b72-827b-d4e94adc52ed-1024x683.png\" alt=\"\" class=\"wp-image-602 size-full\" style=\"object-position:50% 50%\" srcset=\"https:\/\/irsdemo.buechergiraffe.ch\/wp-content\/uploads\/2026\/03\/6c6e1844-85b0-4b72-827b-d4e94adc52ed-1024x683.png 1024w, https:\/\/irsdemo.buechergiraffe.ch\/wp-content\/uploads\/2026\/03\/6c6e1844-85b0-4b72-827b-d4e94adc52ed-300x200.png 300w, https:\/\/irsdemo.buechergiraffe.ch\/wp-content\/uploads\/2026\/03\/6c6e1844-85b0-4b72-827b-d4e94adc52ed-768x512.png 768w, https:\/\/irsdemo.buechergiraffe.ch\/wp-content\/uploads\/2026\/03\/6c6e1844-85b0-4b72-827b-d4e94adc52ed-18x12.png 18w, https:\/\/irsdemo.buechergiraffe.ch\/wp-content\/uploads\/2026\/03\/6c6e1844-85b0-4b72-827b-d4e94adc52ed.png 1536w\" sizes=\"auto, (max-width: 1024px) 100vw, 1024px\" \/><\/figure><div class=\"wp-block-media-text__content\">\n<div class=\"wp-block-group is-vertical is-layout-flex wp-container-core-group-is-layout-fe9cc265 wp-block-group-is-layout-flex\">\n<h3 class=\"wp-block-heading\">Erste Hilfe am Kind<\/h3>\n\n\n\n<p>Beschreibung<br>Beschreibung<\/p>\n\n\n\n<div class=\"wp-block-file\"><a id=\"wp-block-file--media-db676eab-e18f-45b8-b7d3-2b01c934342c\" href=\"https:\/\/irsdemo.buechergiraffe.ch\/wp-content\/uploads\/2026\/03\/IRS-Kundeninfo-BLS-Paedi.pdf\" target=\"_blank\" rel=\"noreferrer noopener\">Mehr Infos<\/a><\/div>\n<\/div>\n<\/div><\/div>\n\n\n\n<div class=\"wp-block-media-text alignwide is-stacked-on-mobile is-image-fill-element has-primary-background-color has-background\" style=\"border-top-left-radius:20px;border-top-right-radius:20px;border-bottom-left-radius:20px;border-bottom-right-radius:20px;grid-template-columns:33% auto\"><figure class=\"wp-block-media-text__media\"><img loading=\"lazy\" decoding=\"async\" width=\"1024\" height=\"683\" src=\"https:\/\/irsdemo.buechergiraffe.ch\/wp-content\/uploads\/2026\/03\/a77610d1-fad9-480f-8359-215e10498998-1024x683.png\" alt=\"\" class=\"wp-image-601 size-full\" style=\"object-position:50% 50%\" srcset=\"https:\/\/irsdemo.buechergiraffe.ch\/wp-content\/uploads\/2026\/03\/a77610d1-fad9-480f-8359-215e10498998-1024x683.png 1024w, https:\/\/irsdemo.buechergiraffe.ch\/wp-content\/uploads\/2026\/03\/a77610d1-fad9-480f-8359-215e10498998-300x200.png 300w, https:\/\/irsdemo.buechergiraffe.ch\/wp-content\/uploads\/2026\/03\/a77610d1-fad9-480f-8359-215e10498998-768x512.png 768w, https:\/\/irsdemo.buechergiraffe.ch\/wp-content\/uploads\/2026\/03\/a77610d1-fad9-480f-8359-215e10498998-18x12.png 18w, https:\/\/irsdemo.buechergiraffe.ch\/wp-content\/uploads\/2026\/03\/a77610d1-fad9-480f-8359-215e10498998.png 1536w\" sizes=\"auto, (max-width: 1024px) 100vw, 1024px\" \/><\/figure><div class=\"wp-block-media-text__content\">\n<div class=\"wp-block-group is-vertical is-layout-flex wp-container-core-group-is-layout-fe9cc265 wp-block-group-is-layout-flex\">\n<h3 class=\"wp-block-heading\">BLS Hospitality<\/h3>\n\n\n\n<p>Beschreibung<br>Beschreibung<\/p>\n\n\n\n<div class=\"wp-block-file\"><a id=\"wp-block-file--media-df91c4fc-f44c-4ef2-8d4d-f7bc3683a1dd\" href=\"https:\/\/irsdemo.buechergiraffe.ch\/wp-content\/uploads\/2026\/03\/IRS-BLS-Touristguide-info-E.pdf\" target=\"_blank\" rel=\"noreferrer noopener\">Mehr Infos<\/a><\/div>\n<\/div>\n<\/div><\/div>\n\n\n\n<div class=\"wp-block-media-text alignwide is-stacked-on-mobile is-image-fill-element has-primary-background-color has-background\" style=\"border-top-left-radius:20px;border-top-right-radius:20px;border-bottom-left-radius:20px;border-bottom-right-radius:20px;grid-template-columns:33% auto\"><figure class=\"wp-block-media-text__media\"><img loading=\"lazy\" decoding=\"async\" width=\"1024\" height=\"683\" src=\"https:\/\/irsdemo.buechergiraffe.ch\/wp-content\/uploads\/2026\/03\/10a00aa1-ef20-4906-adb6-170050562d8b-1024x683.png\" alt=\"\" class=\"wp-image-600 size-full\" style=\"object-position:50% 50%\" srcset=\"https:\/\/irsdemo.buechergiraffe.ch\/wp-content\/uploads\/2026\/03\/10a00aa1-ef20-4906-adb6-170050562d8b-1024x683.png 1024w, https:\/\/irsdemo.buechergiraffe.ch\/wp-content\/uploads\/2026\/03\/10a00aa1-ef20-4906-adb6-170050562d8b-300x200.png 300w, https:\/\/irsdemo.buechergiraffe.ch\/wp-content\/uploads\/2026\/03\/10a00aa1-ef20-4906-adb6-170050562d8b-768x512.png 768w, https:\/\/irsdemo.buechergiraffe.ch\/wp-content\/uploads\/2026\/03\/10a00aa1-ef20-4906-adb6-170050562d8b-18x12.png 18w, https:\/\/irsdemo.buechergiraffe.ch\/wp-content\/uploads\/2026\/03\/10a00aa1-ef20-4906-adb6-170050562d8b.png 1536w\" sizes=\"auto, (max-width: 1024px) 100vw, 1024px\" \/><\/figure><div class=\"wp-block-media-text__content\">\n<div class=\"wp-block-group is-vertical is-layout-flex wp-container-core-group-is-layout-fe9cc265 wp-block-group-is-layout-flex\">\n<h3 class=\"wp-block-heading\">BLS Sports<\/h3>\n\n\n\n<p>Beschreibung<br>Beschreibung<\/p>\n\n\n\n<div class=\"wp-block-file\"><a id=\"wp-block-file--media-df91c4fc-f44c-4ef2-8d4d-f7bc3683a1dd\" href=\"https:\/\/irsdemo.buechergiraffe.ch\/wp-content\/uploads\/2026\/03\/IRS-BLS-Touristguide-info-E.pdf\" target=\"_blank\" rel=\"noreferrer noopener\">Mehr Infos<\/a><\/div>\n<\/div>\n<\/div><\/div>\n\n\n\n<div class=\"wp-block-media-text alignwide is-stacked-on-mobile is-image-fill-element has-primary-background-color has-background\" style=\"border-top-left-radius:20px;border-top-right-radius:20px;border-bottom-left-radius:20px;border-bottom-right-radius:20px;grid-template-columns:33% auto\"><figure class=\"wp-block-media-text__media\"><img loading=\"lazy\" decoding=\"async\" width=\"1024\" height=\"683\" src=\"https:\/\/irsdemo.buechergiraffe.ch\/wp-content\/uploads\/2026\/04\/4b9758e4-ad8b-45f0-acf1-2d114042783a-1024x683.png\" alt=\"\" class=\"wp-image-636 size-full\" style=\"object-position:50% 50%\" srcset=\"https:\/\/irsdemo.buechergiraffe.ch\/wp-content\/uploads\/2026\/04\/4b9758e4-ad8b-45f0-acf1-2d114042783a-1024x683.png 1024w, https:\/\/irsdemo.buechergiraffe.ch\/wp-content\/uploads\/2026\/04\/4b9758e4-ad8b-45f0-acf1-2d114042783a-300x200.png 300w, https:\/\/irsdemo.buechergiraffe.ch\/wp-content\/uploads\/2026\/04\/4b9758e4-ad8b-45f0-acf1-2d114042783a-768x512.png 768w, https:\/\/irsdemo.buechergiraffe.ch\/wp-content\/uploads\/2026\/04\/4b9758e4-ad8b-45f0-acf1-2d114042783a-18x12.png 18w, https:\/\/irsdemo.buechergiraffe.ch\/wp-content\/uploads\/2026\/04\/4b9758e4-ad8b-45f0-acf1-2d114042783a.png 1536w\" sizes=\"auto, (max-width: 1024px) 100vw, 1024px\" \/><\/figure><div class=\"wp-block-media-text__content\">\n<div class=\"wp-block-group is-vertical is-layout-flex wp-container-core-group-is-layout-fe9cc265 wp-block-group-is-layout-flex\">\n<h3 class=\"wp-block-heading\">BLS Medizinische Praxen<\/h3>\n\n\n\n<p>Beschreibung<br>Beschreibung<\/p>\n\n\n\n<div class=\"wp-block-file\"><a id=\"wp-block-file--media-df91c4fc-f44c-4ef2-8d4d-f7bc3683a1dd\" href=\"https:\/\/irsdemo.buechergiraffe.ch\/wp-content\/uploads\/2026\/03\/IRS-BLS-Touristguide-info-E.pdf\" target=\"_blank\" rel=\"noreferrer noopener\">Mehr Infos<\/a><\/div>\n<\/div>\n<\/div><\/div>","protected":false},"excerpt":{"rendered":"<p>Plus IVR Kurse<\/p>","protected":false},"author":1,"featured_media":0,"parent":0,"menu_order":0,"comment_status":"closed","ping_status":"closed","template":"page-with-title","meta":{"footnotes":""},"class_list":["post-514","page","type-page","status-publish","hentry"],"_links":{"self":[{"href":"https:\/\/irsdemo.buechergiraffe.ch\/en\/wp-json\/wp\/v2\/pages\/514","targetHints":{"allow":["GET"]}}],"collection":[{"href":"https:\/\/irsdemo.buechergiraffe.ch\/en\/wp-json\/wp\/v2\/pages"}],"about":[{"href":"https:\/\/irsdemo.buechergiraffe.ch\/en\/wp-json\/wp\/v2\/types\/page"}],"author":[{"embeddable":true,"href":"https:\/\/irsdemo.buechergiraffe.ch\/en\/wp-json\/wp\/v2\/users\/1"}],"replies":[{"embeddable":true,"href":"https:\/\/irsdemo.buechergiraffe.ch\/en\/wp-json\/wp\/v2\/comments?post=514"}],"version-history":[{"count":11,"href":"https:\/\/irsdemo.buechergiraffe.ch\/en\/wp-json\/wp\/v2\/pages\/514\/revisions"}],"predecessor-version":[{"id":639,"href":"https:\/\/irsdemo.buechergiraffe.ch\/en\/wp-json\/wp\/v2\/pages\/514\/revisions\/639"}],"wp:attachment":[{"href":"https:\/\/irsdemo.buechergiraffe.ch\/en\/wp-json\/wp\/v2\/media?parent=514"}],"curies":[{"name":"wp","href":"https:\/\/api.w.org\/{rel}","templated":true}]}}