{"id":520,"date":"2026-03-04T14:38:00","date_gmt":"2026-03-04T14:38:00","guid":{"rendered":"https:\/\/irsdemo.buechergiraffe.ch\/?page_id=520"},"modified":"2026-04-14T12:34:33","modified_gmt":"2026-04-14T12:34:33","slug":"pro","status":"publish","type":"page","link":"https:\/\/irsdemo.buechergiraffe.ch\/fr\/pro\/","title":{"rendered":"Pro"},"content":{"rendered":"<h1 class=\"wp-block-heading has-text-align-center has-secondary-color has-text-color has-link-color wp-elements-1d0d78fff22d4efb8c25a821d58a0dfa\">Pro<\/h1>\n\n\n\n<div class=\"wp-block-media-text alignwide is-stacked-on-mobile is-image-fill-element has-primary-background-color has-background\" style=\"border-top-left-radius:20px;border-top-right-radius:20px;border-bottom-left-radius:20px;border-bottom-right-radius:20px;grid-template-columns:33% auto\"><figure class=\"wp-block-media-text__media\"><img loading=\"lazy\" decoding=\"async\" width=\"277\" height=\"182\" src=\"https:\/\/irsdemo.buechergiraffe.ch\/wp-content\/uploads\/2026\/03\/images-25.jpeg\" alt=\"\" class=\"wp-image-541 size-full\" style=\"object-position:50% 50%\" srcset=\"https:\/\/irsdemo.buechergiraffe.ch\/wp-content\/uploads\/2026\/03\/images-25.jpeg 277w, https:\/\/irsdemo.buechergiraffe.ch\/wp-content\/uploads\/2026\/03\/images-25-18x12.jpeg 18w\" sizes=\"auto, (max-width: 277px) 100vw, 277px\" \/><\/figure><div class=\"wp-block-media-text__content\">\n<div class=\"wp-block-group is-vertical is-layout-flex wp-container-core-group-is-layout-fe9cc265 wp-block-group-is-layout-flex\">\n<h3 class=\"wp-block-heading\">AHA ACLS \u2013 Advanced Cardiovascular Life Support<\/h3>\n\n\n\n<p>Erweiterte Reanimationsmassnahmen f\u00fcr medizinisches Fachpersonal.<br>Training in Teamarbeit, Herzrhythmusmanagement und Notfallalgorithmen.<br>Beschreibung<\/p>\n\n\n\n<div data-wp-interactive=\"core\/file\" class=\"wp-block-file\"><object data-wp-bind--hidden=\"!state.hasPdfPreview\" hidden class=\"wp-block-file__embed\" data=\"https:\/\/irsdemo.buechergiraffe.ch\/wp-content\/uploads\/2026\/04\/IRS-AHA-ACLS-info-D-2.0.pdf\" type=\"application\/pdf\" style=\"width:100%;height:600px\" aria-label=\"Contenu embarqu\u00e9 IRS AHA ACLS info (D) 2.0.\"><\/object><a id=\"wp-block-file--media-2870bfd0-e9fb-4bd9-9043-1d36eef38bb9\" href=\"https:\/\/irsdemo.buechergiraffe.ch\/wp-content\/uploads\/2026\/04\/IRS-AHA-ACLS-info-D-2.0.pdf\" target=\"_blank\" rel=\"noreferrer noopener\">IRS AHA ACLS info (D) 2.0<\/a><\/div>\n<\/div>\n<\/div><\/div>\n\n\n\n<div class=\"wp-block-media-text alignwide is-stacked-on-mobile is-image-fill-element has-primary-background-color has-background\" style=\"border-top-left-radius:20px;border-top-right-radius:20px;border-bottom-left-radius:20px;border-bottom-right-radius:20px;grid-template-columns:33% auto\"><figure class=\"wp-block-media-text__media\"><img loading=\"lazy\" decoding=\"async\" width=\"342\" height=\"147\" src=\"https:\/\/irsdemo.buechergiraffe.ch\/wp-content\/uploads\/2026\/03\/Unknown-10.jpeg\" alt=\"\" class=\"wp-image-542 size-full\" style=\"object-position:50% 50%\" srcset=\"https:\/\/irsdemo.buechergiraffe.ch\/wp-content\/uploads\/2026\/03\/Unknown-10.jpeg 342w, https:\/\/irsdemo.buechergiraffe.ch\/wp-content\/uploads\/2026\/03\/Unknown-10-300x129.jpeg 300w, https:\/\/irsdemo.buechergiraffe.ch\/wp-content\/uploads\/2026\/03\/Unknown-10-18x8.jpeg 18w\" sizes=\"auto, (max-width: 342px) 100vw, 342px\" \/><\/figure><div class=\"wp-block-media-text__content\">\n<div class=\"wp-block-group is-vertical is-layout-flex wp-container-core-group-is-layout-fe9cc265 wp-block-group-is-layout-flex\">\n<h3 class=\"wp-block-heading\">AHA PALS \u2013 Pediatric Advanced Life Support<\/h3>\n\n\n\n<p>Notfallmanagement bei kritisch kranken oder verletzten Kindern.<br>Strukturiertes Vorgehen bei p\u00e4diatrischen Reanimationen und Notf\u00e4llen.<br>Beschreibung<\/p>\n\n\n\n<div class=\"wp-block-file\"><a id=\"wp-block-file--media-53a36ca7-0414-4fee-9474-e3fa77d85195\" href=\"https:\/\/irsdemo.buechergiraffe.ch\/wp-content\/uploads\/2026\/03\/PALS-Lehrgangsinfo.docx\" target=\"_blank\" rel=\"noreferrer noopener\">Mehr Infos<\/a><\/div>\n<\/div>\n<\/div><\/div>\n\n\n\n<div class=\"wp-block-media-text alignwide is-stacked-on-mobile is-image-fill-element has-primary-background-color has-background\" style=\"border-top-left-radius:20px;border-top-right-radius:20px;border-bottom-left-radius:20px;border-bottom-right-radius:20px;grid-template-columns:33% auto\"><figure class=\"wp-block-media-text__media\"><img loading=\"lazy\" decoding=\"async\" width=\"1024\" height=\"683\" src=\"https:\/\/irsdemo.buechergiraffe.ch\/wp-content\/uploads\/2026\/03\/db96bd33-655c-4020-93f5-d1ba8360202e-1024x683.png\" alt=\"\" class=\"wp-image-551 size-full\" style=\"object-position:50% 50%\" srcset=\"https:\/\/irsdemo.buechergiraffe.ch\/wp-content\/uploads\/2026\/03\/db96bd33-655c-4020-93f5-d1ba8360202e-1024x683.png 1024w, https:\/\/irsdemo.buechergiraffe.ch\/wp-content\/uploads\/2026\/03\/db96bd33-655c-4020-93f5-d1ba8360202e-300x200.png 300w, https:\/\/irsdemo.buechergiraffe.ch\/wp-content\/uploads\/2026\/03\/db96bd33-655c-4020-93f5-d1ba8360202e-768x512.png 768w, https:\/\/irsdemo.buechergiraffe.ch\/wp-content\/uploads\/2026\/03\/db96bd33-655c-4020-93f5-d1ba8360202e-18x12.png 18w, https:\/\/irsdemo.buechergiraffe.ch\/wp-content\/uploads\/2026\/03\/db96bd33-655c-4020-93f5-d1ba8360202e.png 1536w\" sizes=\"auto, (max-width: 1024px) 100vw, 1024px\" \/><\/figure><div class=\"wp-block-media-text__content\">\n<div class=\"wp-block-group is-vertical is-layout-flex wp-container-core-group-is-layout-fe9cc265 wp-block-group-is-layout-flex\">\n<h3 class=\"wp-block-heading\">IRS Simulationstraining<\/h3>\n\n\n\n<p>Realit\u00e4tsnahe Notfallsimulationen mit frei w\u00e4hlbaren Fachbereichen und Szenarien.<br>Massgeschneidertes Training f\u00fcr Teams, Kommunikation und Entscheidungsfindung<br>Beschreibung<\/p>\n\n\n\n<div class=\"wp-block-file\"><a id=\"wp-block-file--media-cec53040-49a8-4aae-9f0c-059c3340285e\" href=\"https:\/\/irsdemo.buechergiraffe.ch\/wp-content\/uploads\/2026\/03\/IRS-Simulation-ER-info-D.pdf\" target=\"_blank\" rel=\"noreferrer noopener\">Mehr Infos<\/a><\/div>\n<\/div>\n<\/div><\/div>\n\n\n\n<div class=\"wp-block-media-text alignwide is-stacked-on-mobile is-image-fill-element has-primary-background-color has-background\" style=\"border-top-left-radius:20px;border-top-right-radius:20px;border-bottom-left-radius:20px;border-bottom-right-radius:20px;grid-template-columns:33% auto\"><figure class=\"wp-block-media-text__media\"><img loading=\"lazy\" decoding=\"async\" width=\"324\" height=\"337\" src=\"https:\/\/irsdemo.buechergiraffe.ch\/wp-content\/uploads\/2026\/03\/image-asset.png.webp\" alt=\"\" class=\"wp-image-548 size-full\" style=\"object-position:50% 50%\" srcset=\"https:\/\/irsdemo.buechergiraffe.ch\/wp-content\/uploads\/2026\/03\/image-asset.png.webp 324w, https:\/\/irsdemo.buechergiraffe.ch\/wp-content\/uploads\/2026\/03\/image-asset.png-288x300.webp 288w, https:\/\/irsdemo.buechergiraffe.ch\/wp-content\/uploads\/2026\/03\/image-asset.png-12x12.webp 12w\" sizes=\"auto, (max-width: 324px) 100vw, 324px\" \/><\/figure><div class=\"wp-block-media-text__content\">\n<div class=\"wp-block-group is-vertical is-layout-flex wp-container-core-group-is-layout-fe9cc265 wp-block-group-is-layout-flex\">\n<h3 class=\"wp-block-heading\">IRS TRM &#8211; Team Ressources Management<\/h3>\n\n\n\n<p>Realit\u00e4tsnahe Notfallsimulationen mit frei w\u00e4hlbaren Fachbereichen und Szenarien.<br>Massgeschneidertes Training f\u00fcr Teams, Kommunikation und Entscheidungsfindung<br>Beschreibung<\/p>\n\n\n\n<div class=\"wp-block-file\"><a id=\"wp-block-file--media-cec53040-49a8-4aae-9f0c-059c3340285e\" href=\"https:\/\/irsdemo.buechergiraffe.ch\/wp-content\/uploads\/2026\/03\/IRS-Simulation-ER-info-D.pdf\" target=\"_blank\" rel=\"noreferrer noopener\">Mehr Infos<\/a><\/div>\n<\/div>\n<\/div><\/div>\n\n\n\n<div class=\"wp-block-media-text alignwide is-stacked-on-mobile is-image-fill-element has-primary-background-color has-background\" style=\"border-top-left-radius:20px;border-top-right-radius:20px;border-bottom-left-radius:20px;border-bottom-right-radius:20px;grid-template-columns:33% auto\"><figure class=\"wp-block-media-text__media\"><img loading=\"lazy\" decoding=\"async\" width=\"1024\" height=\"683\" src=\"https:\/\/irsdemo.buechergiraffe.ch\/wp-content\/uploads\/2026\/03\/6c6e1844-85b0-4b72-827b-d4e94adc52ed-1024x683.png\" alt=\"\" class=\"wp-image-602 size-full\" style=\"object-position:50% 50%\" srcset=\"https:\/\/irsdemo.buechergiraffe.ch\/wp-content\/uploads\/2026\/03\/6c6e1844-85b0-4b72-827b-d4e94adc52ed-1024x683.png 1024w, https:\/\/irsdemo.buechergiraffe.ch\/wp-content\/uploads\/2026\/03\/6c6e1844-85b0-4b72-827b-d4e94adc52ed-300x200.png 300w, https:\/\/irsdemo.buechergiraffe.ch\/wp-content\/uploads\/2026\/03\/6c6e1844-85b0-4b72-827b-d4e94adc52ed-768x512.png 768w, https:\/\/irsdemo.buechergiraffe.ch\/wp-content\/uploads\/2026\/03\/6c6e1844-85b0-4b72-827b-d4e94adc52ed-18x12.png 18w, https:\/\/irsdemo.buechergiraffe.ch\/wp-content\/uploads\/2026\/03\/6c6e1844-85b0-4b72-827b-d4e94adc52ed.png 1536w\" sizes=\"auto, (max-width: 1024px) 100vw, 1024px\" \/><\/figure><div class=\"wp-block-media-text__content\">\n<div class=\"wp-block-group is-vertical is-layout-flex wp-container-core-group-is-layout-fe9cc265 wp-block-group-is-layout-flex\">\n<h3 class=\"wp-block-heading\">POCUS Kurs<\/h3>\n\n\n\n<p>Beschreibung<br>Beschreibung<\/p>\n\n\n\n<div class=\"wp-block-file\"><a id=\"wp-block-file--media-db676eab-e18f-45b8-b7d3-2b01c934342c\" href=\"https:\/\/irsdemo.buechergiraffe.ch\/wp-content\/uploads\/2026\/03\/IRS-Kundeninfo-BLS-Paedi.pdf\" target=\"_blank\" rel=\"noreferrer noopener\">Mehr Infos<\/a><\/div>\n<\/div>\n<\/div><\/div>\n\n\n\n<p><\/p>","protected":false},"excerpt":{"rendered":"<p>Pro<\/p>","protected":false},"author":1,"featured_media":0,"parent":0,"menu_order":0,"comment_status":"closed","ping_status":"closed","template":"page-with-title","meta":{"footnotes":""},"class_list":["post-520","page","type-page","status-publish","hentry"],"_links":{"self":[{"href":"https:\/\/irsdemo.buechergiraffe.ch\/fr\/wp-json\/wp\/v2\/pages\/520","targetHints":{"allow":["GET"]}}],"collection":[{"href":"https:\/\/irsdemo.buechergiraffe.ch\/fr\/wp-json\/wp\/v2\/pages"}],"about":[{"href":"https:\/\/irsdemo.buechergiraffe.ch\/fr\/wp-json\/wp\/v2\/types\/page"}],"author":[{"embeddable":true,"href":"https:\/\/irsdemo.buechergiraffe.ch\/fr\/wp-json\/wp\/v2\/users\/1"}],"replies":[{"embeddable":true,"href":"https:\/\/irsdemo.buechergiraffe.ch\/fr\/wp-json\/wp\/v2\/comments?post=520"}],"version-history":[{"count":8,"href":"https:\/\/irsdemo.buechergiraffe.ch\/fr\/wp-json\/wp\/v2\/pages\/520\/revisions"}],"predecessor-version":[{"id":624,"href":"https:\/\/irsdemo.buechergiraffe.ch\/fr\/wp-json\/wp\/v2\/pages\/520\/revisions\/624"}],"wp:attachment":[{"href":"https:\/\/irsdemo.buechergiraffe.ch\/fr\/wp-json\/wp\/v2\/media?parent=520"}],"curies":[{"name":"wp","href":"https:\/\/api.w.org\/{rel}","templated":true}]}}